{"id":490,"date":"2024-01-18T06:53:53","date_gmt":"2024-01-18T06:53:53","guid":{"rendered":"https:\/\/jotitagoncalves.com\/?post_type=product&#038;p=490"},"modified":"2025-05-26T19:35:02","modified_gmt":"2025-05-26T18:35:02","slug":"confissoes-de-uma-adolescente-2a-edicao-portuguese-edition","status":"publish","type":"product","link":"https:\/\/jotitagoncalves.com\/pt-pt\/product\/confissoes-de-uma-adolescente-2a-edicao-portuguese-edition\/","title":{"rendered":"Confiss\u00f5es de uma Adolescente: 2\u00aa Edi\u00e7\u00e3o (Portuguese Edition)"},"content":{"rendered":"<p>Neste livro encontram-se pensamentos, confiss\u00f5es, conflitos e d\u00favidas de uma adolescente\u2026 adolescente esta que passa por diversos problemas, sendo alguns deles os mesmos que todos os jovens passam nessa idade: o primeiro amor, o amor proibido, as amizades, a saudade, as pessoas \u201ceternas\u201d, problemas familiares\u2026 N\u00f3s come\u00e7amos a desenvolver a nossa pr\u00f3pria \u201cdefesa\/for\u00e7a interior\u201d e passamos a acreditar um pouco em n\u00f3s a cada dia e isso faz toda a diferen\u00e7a na pessoa que nos torn\u00e1mos quando adultos! N\u00e3o concorda?<\/p>\n","protected":false},"excerpt":{"rendered":"<p>Neste livro encontram-se pensamentos, confiss\u00f5es, conflitos e d\u00favidas de uma adolescente\u2026 adolescente esta que passa por diversos problemas, sendo alguns deles os mesmos que todos os jovens passam nessa idade: o primeiro amor, o amor proibido, as amizades, a saudade, as pessoas \u201ceternas\u201d, problemas familiares\u2026 N\u00f3s come\u00e7amos a desenvolver a nossa pr\u00f3pria \u201cdefesa\/for\u00e7a interior\u201d e [&hellip;]<\/p>\n","protected":false},"featured_media":491,"comment_status":"open","ping_status":"closed","template":"","meta":[],"store":[2315],"product_brand":[],"product_cat":[1374],"product_tag":[2085,2084,2082,2081,2083],"class_list":{"0":"post-490","1":"product","2":"type-product","3":"status-publish","4":"has-post-thumbnail","6":"store-jotitas-store","7":"product_cat-my-books","8":"product_tag-2a-edicao-portuguese-edition","9":"product_tag-confissoes-de-uma-adolescente","10":"product_tag-goncalves","11":"product_tag-jotita","12":"product_tag-jotitagoncalves","14":"first","15":"instock","16":"sale","17":"taxable","18":"shipping-taxable","19":"purchasable","20":"product-type-simple"},"_links":{"self":[{"href":"https:\/\/jotitagoncalves.com\/pt-pt\/wp-json\/wp\/v2\/product\/490","targetHints":{"allow":["GET"]}}],"collection":[{"href":"https:\/\/jotitagoncalves.com\/pt-pt\/wp-json\/wp\/v2\/product"}],"about":[{"href":"https:\/\/jotitagoncalves.com\/pt-pt\/wp-json\/wp\/v2\/types\/product"}],"replies":[{"embeddable":true,"href":"https:\/\/jotitagoncalves.com\/pt-pt\/wp-json\/wp\/v2\/comments?post=490"}],"wp:featuredmedia":[{"embeddable":true,"href":"https:\/\/jotitagoncalves.com\/pt-pt\/wp-json\/wp\/v2\/media\/491"}],"wp:attachment":[{"href":"https:\/\/jotitagoncalves.com\/pt-pt\/wp-json\/wp\/v2\/media?parent=490"}],"wp:term":[{"taxonomy":"store","embeddable":true,"href":"https:\/\/jotitagoncalves.com\/pt-pt\/wp-json\/wp\/v2\/store?post=490"},{"taxonomy":"product_brand","embeddable":true,"href":"https:\/\/jotitagoncalves.com\/pt-pt\/wp-json\/wp\/v2\/product_brand?post=490"},{"taxonomy":"product_cat","embeddable":true,"href":"https:\/\/jotitagoncalves.com\/pt-pt\/wp-json\/wp\/v2\/product_cat?post=490"},{"taxonomy":"product_tag","embeddable":true,"href":"https:\/\/jotitagoncalves.com\/pt-pt\/wp-json\/wp\/v2\/product_tag?post=490"}],"curies":[{"name":"wp","href":"https:\/\/api.w.org\/{rel}","templated":true}]}}