{"id":486,"date":"2024-01-18T06:53:00","date_gmt":"2024-01-18T06:53:00","guid":{"rendered":"https:\/\/jotitagoncalves.com\/?post_type=product&#038;p=486"},"modified":"2026-04-08T22:53:51","modified_gmt":"2026-04-08T21:53:51","slug":"jotitas-village-colecao-1-jotitas-village-portugues-pt-portuguese-edition-kindle-edition","status":"publish","type":"product","link":"https:\/\/jotitagoncalves.com\/pt-pt\/product\/jotitas-village-colecao-1-jotitas-village-portugues-pt-portuguese-edition-kindle-edition\/","title":{"rendered":"JoTita&#8217;s Village: Cole\u00e7\u00e3o 1 (JoTita&#8217;s Village &#8211; Portugu\u00eas PT) (Portuguese Edition) Kindle Edition"},"content":{"rendered":"<p>Entra na JoTita&#8217;s Village &#8211; onde a bondade floresce e os pais encontram o lugar dos seus sonhos &#8211; um reino caracterizado pela gentileza, compaix\u00e3o, bondade e crescimento pessoal. Nesse para\u00edso id\u00edlico, que envolve sentimentos ternos e puros, as crian\u00e7as aprendem li\u00e7\u00f5es de vida inestim\u00e1veis, transformando-as em indiv\u00edduos extraordin\u00e1rios que se tornar\u00e3o guias de luz num mundo faminto por modelos positivos. Junte-se \u00e0 jornada e desbloqueie o poder transformador do amor, bondade e empatia na busca por um futuro melhor.<\/p>\n","protected":false},"excerpt":{"rendered":"<p>Entra na JoTita&#8217;s Village &#8211; onde a bondade floresce e os pais encontram o lugar dos seus sonhos &#8211; um reino caracterizado pela gentileza, compaix\u00e3o, bondade e crescimento pessoal. Nesse para\u00edso id\u00edlico, que envolve sentimentos ternos e puros, as crian\u00e7as aprendem li\u00e7\u00f5es de vida inestim\u00e1veis, transformando-as em indiv\u00edduos extraordin\u00e1rios que se tornar\u00e3o guias de luz [&hellip;]<\/p>\n","protected":false},"featured_media":487,"comment_status":"open","ping_status":"closed","template":"","meta":[],"store":[2315],"product_brand":[],"product_cat":[1374],"product_tag":[2086,2075,2079,2089,2087,2088,2076],"class_list":{"0":"post-486","1":"product","2":"type-product","3":"status-publish","4":"has-post-thumbnail","6":"store-jotitas-store","7":"product_cat-my-books","8":"product_tag-colecao-1","9":"product_tag-jotitas","10":"product_tag-jotitas-village","11":"product_tag-kindle-edition","12":"product_tag-portugues-pt","13":"product_tag-portuguese-edition","14":"product_tag-village","16":"first","17":"instock","18":"sale","19":"taxable","20":"shipping-taxable","21":"purchasable","22":"product-type-simple"},"_links":{"self":[{"href":"https:\/\/jotitagoncalves.com\/pt-pt\/wp-json\/wp\/v2\/product\/486","targetHints":{"allow":["GET"]}}],"collection":[{"href":"https:\/\/jotitagoncalves.com\/pt-pt\/wp-json\/wp\/v2\/product"}],"about":[{"href":"https:\/\/jotitagoncalves.com\/pt-pt\/wp-json\/wp\/v2\/types\/product"}],"replies":[{"embeddable":true,"href":"https:\/\/jotitagoncalves.com\/pt-pt\/wp-json\/wp\/v2\/comments?post=486"}],"wp:featuredmedia":[{"embeddable":true,"href":"https:\/\/jotitagoncalves.com\/pt-pt\/wp-json\/wp\/v2\/media\/487"}],"wp:attachment":[{"href":"https:\/\/jotitagoncalves.com\/pt-pt\/wp-json\/wp\/v2\/media?parent=486"}],"wp:term":[{"taxonomy":"store","embeddable":true,"href":"https:\/\/jotitagoncalves.com\/pt-pt\/wp-json\/wp\/v2\/store?post=486"},{"taxonomy":"product_brand","embeddable":true,"href":"https:\/\/jotitagoncalves.com\/pt-pt\/wp-json\/wp\/v2\/product_brand?post=486"},{"taxonomy":"product_cat","embeddable":true,"href":"https:\/\/jotitagoncalves.com\/pt-pt\/wp-json\/wp\/v2\/product_cat?post=486"},{"taxonomy":"product_tag","embeddable":true,"href":"https:\/\/jotitagoncalves.com\/pt-pt\/wp-json\/wp\/v2\/product_tag?post=486"}],"curies":[{"name":"wp","href":"https:\/\/api.w.org\/{rel}","templated":true}]}}