{"id":18481,"date":"2024-02-29T22:41:29","date_gmt":"2024-02-29T22:41:29","guid":{"rendered":"https:\/\/jotitagoncalves.com\/hacks-de-negocios-e-tendencias-tecnologicas\/"},"modified":"2024-04-02T22:44:35","modified_gmt":"2024-04-02T21:44:35","slug":"hacks-de-negocios-e-tendencias-tecnologicas","status":"publish","type":"page","link":"https:\/\/jotitagoncalves.com\/pt-pt\/hacks-de-negocios-e-tendencias-tecnologicas\/","title":{"rendered":"Hacks de neg\u00f3cios e tend\u00eancias tecnol\u00f3gicas"},"content":{"rendered":"\t\t<div data-elementor-type=\"wp-page\" data-elementor-id=\"18481\" class=\"elementor elementor-18481 elementor-4962\" data-elementor-settings=\"{&quot;ha_cmc_init_switcher&quot;:&quot;no&quot;}\" data-elementor-post-type=\"page\">\n\t\t\t\t<div data-particle_enable=\"false\" data-particle-mobile-disabled=\"false\" class=\"elementor-element elementor-element-75659e82 e-flex e-con-boxed e-con e-parent\" data-id=\"75659e82\" data-element_type=\"container\" data-e-type=\"container\" data-settings=\"{&quot;_ha_eqh_enable&quot;:false}\">\n\t\t\t\t\t<div class=\"e-con-inner\">\n\t\t\t\t<div class=\"elementor-element elementor-element-c39f8f3 elementor-widget__width-inherit elementor-widget elementor-widget-heading\" data-id=\"c39f8f3\" data-element_type=\"widget\" data-e-type=\"widget\" data-widget_type=\"heading.default\">\n\t\t\t\t<div class=\"elementor-widget-container\">\n\t\t\t\t\t<h2 class=\"elementor-heading-title elementor-size-default\">Hacks de neg\u00f3cios e tend\u00eancias tecnol\u00f3gicas<\/h2>\t\t\t\t<\/div>\n\t\t\t\t<\/div>\n\t\t\t\t\t<\/div>\n\t\t\t\t<\/div>\n\t\t<div data-particle_enable=\"false\" data-particle-mobile-disabled=\"false\" class=\"elementor-element elementor-element-4b34234f e-con-full e-flex e-con e-parent\" data-id=\"4b34234f\" data-element_type=\"container\" data-e-type=\"container\" data-settings=\"{&quot;_ha_eqh_enable&quot;:false}\">\n\t\t<div data-particle_enable=\"false\" data-particle-mobile-disabled=\"false\" class=\"elementor-element elementor-element-71b87b4d e-con-full e-flex e-con e-child\" data-id=\"71b87b4d\" data-element_type=\"container\" data-e-type=\"container\" data-settings=\"{&quot;_ha_eqh_enable&quot;:false}\">\n\t\t\t\t<div class=\"elementor-element elementor-element-d935dc2 elementor-widget elementor-widget-text-editor\" data-id=\"d935dc2\" data-element_type=\"widget\" data-e-type=\"widget\" data-widget_type=\"text-editor.default\">\n\t\t\t\t<div class=\"elementor-widget-container\">\n\t\t\t\t\t\t\t\t\t<p>Explore o que h\u00e1 de mais moderno em tecnologia e estrat\u00e9gias de neg\u00f3cios com dicas e truques pr\u00e1ticos. Conte\u00fado envolvente, incluindo v\u00eddeos e recursos interativos, ir\u00e1 capacit\u00e1-lo a permanecer \u00e0 frente no mundo acelerado dos neg\u00f3cios.<\/p><\/p>\n\t\t\t\t\t\t\t\t<\/div>\n\t\t\t\t<\/div>\n\t\t\t\t<div class=\"elementor-element elementor-element-c990ad1 elementor-widget-divider--view-line elementor-widget elementor-widget-divider\" data-id=\"c990ad1\" data-element_type=\"widget\" data-e-type=\"widget\" data-widget_type=\"divider.default\">\n\t\t\t\t<div class=\"elementor-widget-container\">\n\t\t\t\t\t\t\t<div class=\"elementor-divider\">\n\t\t\t<span class=\"elementor-divider-separator\">\n\t\t\t\t\t\t<\/span>\n\t\t<\/div>\n\t\t\t\t\t\t<\/div>\n\t\t\t\t<\/div>\n\t\t\t\t<div class=\"elementor-element elementor-element-41cb67c elementor-widget elementor-widget-eael-post-timeline\" data-id=\"41cb67c\" data-element_type=\"widget\" data-e-type=\"widget\" data-widget_type=\"eael-post-timeline.default\">\n\t\t\t\t<div class=\"elementor-widget-container\">\n\t\t\t\t\t<div id=\"eael-post-timeline-41cb67c\" class=\"eael-post-timeline timeline-layout-default eael-post-timeline-arrow-\">\n            <div class=\"eael-post-timeline eael-post-appender eael-post-appender-41cb67c\"><article class=\"eael-timeline-post eael-timeline-column\">\n    <div class=\"eael-timeline-bullet\"><\/div>\n    <div class=\"eael-timeline-post-inner\">\n        <a class=\"eael-timeline-post-link\" href=\"https:\/\/jotitagoncalves.com\/pt-pt\/digital-marketing-types\/\" title=\"Digital Marketing types\">\n            <time datetime=\"10 Fevereiro, 2024\">10 Fevereiro, 2024<\/time>\n            <div class=\"eael-timeline-post-image  attachment-medium size-medium\" style=\"background-image: url(https:\/\/jotitagoncalves.com\/wp-content\/uploads\/2024\/01\/rsw_1280-12-1-300x160.webp);\"><\/div><div class=\"eael-timeline-post-excerpt\"><p>In order to advertise to individuals online, you can use...<\/p><\/div><div class=\"eael-timeline-post-title\">\n                    <h2 class=\"eael-timeline-post-title-text\">Digital Marketing types<\/h2>\n                <\/div><\/a>\n    <\/div>\n<\/article><article class=\"eael-timeline-post eael-timeline-column\">\n    <div class=\"eael-timeline-bullet\"><\/div>\n    <div class=\"eael-timeline-post-inner\">\n        <a class=\"eael-timeline-post-link\" href=\"https:\/\/jotitagoncalves.com\/pt-pt\/a-short-message-to-boris-johnson-%f0%9f%91%87%f0%9f%8f%bd\/\" title=\"A short message to Boris Johnson&#8230;\">\n            <time datetime=\"10 Fevereiro, 2024\">10 Fevereiro, 2024<\/time>\n            <div class=\"eael-timeline-post-image  attachment-medium size-medium\" style=\"background-image: url(https:\/\/jotitagoncalves.com\/wp-content\/uploads\/2024\/01\/rsw_1280-30-211x300.webp);\"><\/div><div class=\"eael-timeline-post-excerpt\"><p>This is my message to Boris Johnson as a key...<\/p><\/div><div class=\"eael-timeline-post-title\">\n                    <h2 class=\"eael-timeline-post-title-text\">A short message to Boris Johnson&#8230;<\/h2>\n                <\/div><\/a>\n    <\/div>\n<\/article><\/div>\n\t\t<\/div>\t\t\t\t<\/div>\n\t\t\t\t<\/div>\n\t\t\t\t<\/div>\n\t\t<div data-particle_enable=\"false\" data-particle-mobile-disabled=\"false\" class=\"elementor-element elementor-element-2fe9bd3e e-con-full e-flex e-con e-child\" data-id=\"2fe9bd3e\" data-element_type=\"container\" data-e-type=\"container\" data-settings=\"{&quot;_ha_eqh_enable&quot;:false}\">\n\t\t<div data-particle_enable=\"false\" data-particle-mobile-disabled=\"false\" class=\"elementor-element elementor-element-60c9cc9f e-flex e-con-boxed e-con e-child\" data-id=\"60c9cc9f\" data-element_type=\"container\" data-e-type=\"container\" data-settings=\"{&quot;_ha_eqh_enable&quot;:false}\">\n\t\t\t\t\t<div class=\"e-con-inner\">\n\t\t\t\t<div class=\"elementor-element elementor-element-75c49c92 elementor-widget elementor-widget-sidebar\" data-id=\"75c49c92\" data-element_type=\"widget\" data-e-type=\"widget\" data-widget_type=\"sidebar.default\">\n\t\t\t\t<div class=\"elementor-widget-container\">\n\t\t\t\t\t<div id=\"search-1\" class=\"widget widget_search\"><div class=\"title\">Search<\/div><form  role=\"search\" method=\"get\" class=\"search-form\" action=\"https:\/\/jotitagoncalves.com\/pt-pt\/\">\r\n  \t<input type=\"text\" name=\"s\" placeholder=\"Search\"  data-posttype=\"product\">\r\n  \t  \t<button type=\"submit\" class=\"btnsearch hideonmobile\" aria-label=\"Search\"><i class=\"rhicon rhi-search\"><\/i><\/button>\r\n<\/form>\r\n<\/div><div id=\"archives-2\" class=\"widget widget_archive\"><div class=\"title\">Archives<\/div>\n\t\t\t<ul>\n\t\t\t\t\t<li><a href='https:\/\/jotitagoncalves.com\/pt-pt\/2025\/05\/'>Maio 2025<\/a><\/li>\n\t<li><a href='https:\/\/jotitagoncalves.com\/pt-pt\/2024\/08\/'>Agosto 2024<\/a><\/li>\n\t<li><a href='https:\/\/jotitagoncalves.com\/pt-pt\/2024\/06\/'>Junho 2024<\/a><\/li>\n\t<li><a href='https:\/\/jotitagoncalves.com\/pt-pt\/2024\/02\/'>Fevereiro 2024<\/a><\/li>\n\t<li><a href='https:\/\/jotitagoncalves.com\/pt-pt\/2024\/01\/'>Janeiro 2024<\/a><\/li>\n\t\t\t<\/ul>\n\n\t\t\t<\/div><div id=\"tag_cloud-3\" class=\"widget widget_tag_cloud\"><div class=\"title\">All tags<\/div><div class=\"tagcloud\"><a href=\"https:\/\/jotitagoncalves.com\/pt-pt\/tag\/acceptable\/\" class=\"tag-cloud-link tag-link-1434 tag-link-position-1\" style=\"font-size: 20.5pt;\" aria-label=\"acceptable (16 itens)\">acceptable<span class=\"tag-link-count\"> (16)<\/span><\/a>\n<a href=\"https:\/\/jotitagoncalves.com\/pt-pt\/tag\/achievement\/\" class=\"tag-cloud-link tag-link-1530 tag-link-position-2\" style=\"font-size: 13pt;\" aria-label=\"achievement (5 itens)\">achievement<span class=\"tag-link-count\"> (5)<\/span><\/a>\n<a href=\"https:\/\/jotitagoncalves.com\/pt-pt\/tag\/achievements\/\" class=\"tag-cloud-link tag-link-1566 tag-link-position-3\" style=\"font-size: 8pt;\" aria-label=\"achievements (2 itens)\">achievements<span class=\"tag-link-count\"> (2)<\/span><\/a>\n<a href=\"https:\/\/jotitagoncalves.com\/pt-pt\/tag\/anger\/\" class=\"tag-cloud-link tag-link-1435 tag-link-position-4\" style=\"font-size: 19.666666666667pt;\" aria-label=\"anger (14 itens)\">anger<span class=\"tag-link-count\"> (14)<\/span><\/a>\n<a href=\"https:\/\/jotitagoncalves.com\/pt-pt\/tag\/anxiety\/\" class=\"tag-cloud-link tag-link-1436 tag-link-position-5\" style=\"font-size: 21pt;\" aria-label=\"anxiety (17 itens)\">anxiety<span class=\"tag-link-count\"> (17)<\/span><\/a>\n<a href=\"https:\/\/jotitagoncalves.com\/pt-pt\/tag\/appointments\/\" class=\"tag-cloud-link tag-link-1563 tag-link-position-6\" style=\"font-size: 8pt;\" aria-label=\"appointments (2 itens)\">appointments<span class=\"tag-link-count\"> (2)<\/span><\/a>\n<a href=\"https:\/\/jotitagoncalves.com\/pt-pt\/tag\/bad-guy\/\" class=\"tag-cloud-link tag-link-1541 tag-link-position-7\" style=\"font-size: 13pt;\" aria-label=\"bad guy (5 itens)\">bad guy<span class=\"tag-link-count\"> (5)<\/span><\/a>\n<a href=\"https:\/\/jotitagoncalves.com\/pt-pt\/tag\/bored\/\" class=\"tag-cloud-link tag-link-1544 tag-link-position-8\" style=\"font-size: 11.666666666667pt;\" aria-label=\"bored (4 itens)\">bored<span class=\"tag-link-count\"> (4)<\/span><\/a>\n<a href=\"https:\/\/jotitagoncalves.com\/pt-pt\/tag\/boredom\/\" class=\"tag-cloud-link tag-link-1542 tag-link-position-9\" style=\"font-size: 14.166666666667pt;\" aria-label=\"boredom (6 itens)\">boredom<span class=\"tag-link-count\"> (6)<\/span><\/a>\n<a href=\"https:\/\/jotitagoncalves.com\/pt-pt\/tag\/brain\/\" class=\"tag-cloud-link tag-link-1437 tag-link-position-10\" style=\"font-size: 17.333333333333pt;\" aria-label=\"brain (10 itens)\">brain<span class=\"tag-link-count\"> (10)<\/span><\/a>\n<a href=\"https:\/\/jotitagoncalves.com\/pt-pt\/tag\/cope\/\" class=\"tag-cloud-link tag-link-1438 tag-link-position-11\" style=\"font-size: 21.666666666667pt;\" aria-label=\"cope (19 itens)\">cope<span class=\"tag-link-count\"> (19)<\/span><\/a>\n<a href=\"https:\/\/jotitagoncalves.com\/pt-pt\/tag\/deal\/\" class=\"tag-cloud-link tag-link-1439 tag-link-position-12\" style=\"font-size: 21.666666666667pt;\" aria-label=\"deal (19 itens)\">deal<span class=\"tag-link-count\"> (19)<\/span><\/a>\n<a href=\"https:\/\/jotitagoncalves.com\/pt-pt\/tag\/discomfort\/\" class=\"tag-cloud-link tag-link-1440 tag-link-position-13\" style=\"font-size: 19.166666666667pt;\" aria-label=\"discomfort (13 itens)\">discomfort<span class=\"tag-link-count\"> (13)<\/span><\/a>\n<a href=\"https:\/\/jotitagoncalves.com\/pt-pt\/tag\/disloyal\/\" class=\"tag-cloud-link tag-link-1442 tag-link-position-14\" style=\"font-size: 14.166666666667pt;\" aria-label=\"disloyal (6 itens)\">disloyal<span class=\"tag-link-count\"> (6)<\/span><\/a>\n<a href=\"https:\/\/jotitagoncalves.com\/pt-pt\/tag\/dreams\/\" class=\"tag-cloud-link tag-link-1570 tag-link-position-15\" style=\"font-size: 8pt;\" aria-label=\"dreams (2 itens)\">dreams<span class=\"tag-link-count\"> (2)<\/span><\/a>\n<a href=\"https:\/\/jotitagoncalves.com\/pt-pt\/tag\/emotions\/\" class=\"tag-cloud-link tag-link-2186 tag-link-position-16\" style=\"font-size: 10pt;\" aria-label=\"Emotions (3 itens)\">Emotions<span class=\"tag-link-count\"> (3)<\/span><\/a>\n<a href=\"https:\/\/jotitagoncalves.com\/pt-pt\/tag\/enemy\/\" class=\"tag-cloud-link tag-link-1443 tag-link-position-17\" style=\"font-size: 15pt;\" aria-label=\"enemy (7 itens)\">enemy<span class=\"tag-link-count\"> (7)<\/span><\/a>\n<a href=\"https:\/\/jotitagoncalves.com\/pt-pt\/tag\/excitement\/\" class=\"tag-cloud-link tag-link-1444 tag-link-position-18\" style=\"font-size: 18.5pt;\" aria-label=\"excitement (12 itens)\">excitement<span class=\"tag-link-count\"> (12)<\/span><\/a>\n<a href=\"https:\/\/jotitagoncalves.com\/pt-pt\/tag\/family\/\" class=\"tag-cloud-link tag-link-1533 tag-link-position-19\" style=\"font-size: 10pt;\" aria-label=\"family (3 itens)\">family<span class=\"tag-link-count\"> (3)<\/span><\/a>\n<a href=\"https:\/\/jotitagoncalves.com\/pt-pt\/tag\/feelings\/\" class=\"tag-cloud-link tag-link-1446 tag-link-position-20\" style=\"font-size: 22pt;\" aria-label=\"feelings (20 itens)\">feelings<span class=\"tag-link-count\"> (20)<\/span><\/a>\n<a href=\"https:\/\/jotitagoncalves.com\/pt-pt\/tag\/fibromyalgia\/\" class=\"tag-cloud-link tag-link-1564 tag-link-position-21\" style=\"font-size: 8pt;\" aria-label=\"fibromyalgia (2 itens)\">fibromyalgia<span class=\"tag-link-count\"> (2)<\/span><\/a>\n<a href=\"https:\/\/jotitagoncalves.com\/pt-pt\/tag\/fight\/\" class=\"tag-cloud-link tag-link-1447 tag-link-position-22\" style=\"font-size: 21pt;\" aria-label=\"fight (17 itens)\">fight<span class=\"tag-link-count\"> (17)<\/span><\/a>\n<a href=\"https:\/\/jotitagoncalves.com\/pt-pt\/tag\/friend\/\" class=\"tag-cloud-link tag-link-1448 tag-link-position-23\" style=\"font-size: 19.666666666667pt;\" aria-label=\"friend (14 itens)\">friend<span class=\"tag-link-count\"> (14)<\/span><\/a>\n<a href=\"https:\/\/jotitagoncalves.com\/pt-pt\/tag\/friendship\/\" class=\"tag-cloud-link tag-link-1449 tag-link-position-24\" style=\"font-size: 21.333333333333pt;\" aria-label=\"friendship (18 itens)\">friendship<span class=\"tag-link-count\"> (18)<\/span><\/a>\n<a href=\"https:\/\/jotitagoncalves.com\/pt-pt\/tag\/gratitude\/\" class=\"tag-cloud-link tag-link-1450 tag-link-position-25\" style=\"font-size: 19.166666666667pt;\" aria-label=\"gratitude (13 itens)\">gratitude<span class=\"tag-link-count\"> (13)<\/span><\/a>\n<a href=\"https:\/\/jotitagoncalves.com\/pt-pt\/tag\/happiness\/\" class=\"tag-cloud-link tag-link-1451 tag-link-position-26\" style=\"font-size: 19.166666666667pt;\" aria-label=\"happiness (13 itens)\">happiness<span class=\"tag-link-count\"> (13)<\/span><\/a>\n<a href=\"https:\/\/jotitagoncalves.com\/pt-pt\/tag\/happy\/\" class=\"tag-cloud-link tag-link-1572 tag-link-position-27\" style=\"font-size: 8pt;\" aria-label=\"happy (2 itens)\">happy<span class=\"tag-link-count\"> (2)<\/span><\/a>\n<a href=\"https:\/\/jotitagoncalves.com\/pt-pt\/tag\/heart\/\" class=\"tag-cloud-link tag-link-1452 tag-link-position-28\" style=\"font-size: 20pt;\" aria-label=\"heart (15 itens)\">heart<span class=\"tag-link-count\"> (15)<\/span><\/a>\n<a href=\"https:\/\/jotitagoncalves.com\/pt-pt\/tag\/human\/\" class=\"tag-cloud-link tag-link-1453 tag-link-position-29\" style=\"font-size: 20.5pt;\" aria-label=\"human (16 itens)\">human<span class=\"tag-link-count\"> (16)<\/span><\/a>\n<a href=\"https:\/\/jotitagoncalves.com\/pt-pt\/tag\/jealous\/\" class=\"tag-cloud-link tag-link-1549 tag-link-position-30\" style=\"font-size: 8pt;\" aria-label=\"jealous (2 itens)\">jealous<span class=\"tag-link-count\"> (2)<\/span><\/a>\n<a href=\"https:\/\/jotitagoncalves.com\/pt-pt\/tag\/love\/\" class=\"tag-cloud-link tag-link-1455 tag-link-position-31\" style=\"font-size: 16.666666666667pt;\" aria-label=\"love (9 itens)\">love<span class=\"tag-link-count\"> (9)<\/span><\/a>\n<a href=\"https:\/\/jotitagoncalves.com\/pt-pt\/tag\/nasty\/\" class=\"tag-cloud-link tag-link-1456 tag-link-position-32\" style=\"font-size: 11.666666666667pt;\" aria-label=\"nasty (4 itens)\">nasty<span class=\"tag-link-count\"> (4)<\/span><\/a>\n<a href=\"https:\/\/jotitagoncalves.com\/pt-pt\/tag\/pain\/\" class=\"tag-cloud-link tag-link-1457 tag-link-position-33\" style=\"font-size: 19.666666666667pt;\" aria-label=\"pain (14 itens)\">pain<span class=\"tag-link-count\"> (14)<\/span><\/a>\n<a href=\"https:\/\/jotitagoncalves.com\/pt-pt\/tag\/proud\/\" class=\"tag-cloud-link tag-link-1539 tag-link-position-34\" style=\"font-size: 11.666666666667pt;\" aria-label=\"proud (4 itens)\">proud<span class=\"tag-link-count\"> (4)<\/span><\/a>\n<a href=\"https:\/\/jotitagoncalves.com\/pt-pt\/tag\/rain\/\" class=\"tag-cloud-link tag-link-1545 tag-link-position-35\" style=\"font-size: 8pt;\" aria-label=\"rain (2 itens)\">rain<span class=\"tag-link-count\"> (2)<\/span><\/a>\n<a href=\"https:\/\/jotitagoncalves.com\/pt-pt\/tag\/rainy\/\" class=\"tag-cloud-link tag-link-1546 tag-link-position-36\" style=\"font-size: 8pt;\" aria-label=\"rainy (2 itens)\">rainy<span class=\"tag-link-count\"> (2)<\/span><\/a>\n<a href=\"https:\/\/jotitagoncalves.com\/pt-pt\/tag\/reason\/\" class=\"tag-cloud-link tag-link-1459 tag-link-position-37\" style=\"font-size: 15.833333333333pt;\" aria-label=\"reason (8 itens)\">reason<span class=\"tag-link-count\"> (8)<\/span><\/a>\n<a href=\"https:\/\/jotitagoncalves.com\/pt-pt\/tag\/resentment\/\" class=\"tag-cloud-link tag-link-1460 tag-link-position-38\" style=\"font-size: 16.666666666667pt;\" aria-label=\"resentment (9 itens)\">resentment<span class=\"tag-link-count\"> (9)<\/span><\/a>\n<a href=\"https:\/\/jotitagoncalves.com\/pt-pt\/tag\/sadness\/\" class=\"tag-cloud-link tag-link-1461 tag-link-position-39\" style=\"font-size: 19.166666666667pt;\" aria-label=\"sadness (13 itens)\">sadness<span class=\"tag-link-count\"> (13)<\/span><\/a>\n<a href=\"https:\/\/jotitagoncalves.com\/pt-pt\/tag\/seasons\/\" class=\"tag-cloud-link tag-link-1547 tag-link-position-40\" style=\"font-size: 8pt;\" aria-label=\"seasons (2 itens)\">seasons<span class=\"tag-link-count\"> (2)<\/span><\/a>\n<a href=\"https:\/\/jotitagoncalves.com\/pt-pt\/tag\/situations\/\" class=\"tag-cloud-link tag-link-1464 tag-link-position-41\" style=\"font-size: 20pt;\" aria-label=\"situations (15 itens)\">situations<span class=\"tag-link-count\"> (15)<\/span><\/a>\n<a href=\"https:\/\/jotitagoncalves.com\/pt-pt\/tag\/smile\/\" class=\"tag-cloud-link tag-link-1535 tag-link-position-42\" style=\"font-size: 10pt;\" aria-label=\"smile (3 itens)\">smile<span class=\"tag-link-count\"> (3)<\/span><\/a>\n<a href=\"https:\/\/jotitagoncalves.com\/pt-pt\/tag\/society\/\" class=\"tag-cloud-link tag-link-1540 tag-link-position-43\" style=\"font-size: 15pt;\" aria-label=\"society (7 itens)\">society<span class=\"tag-link-count\"> (7)<\/span><\/a>\n<a href=\"https:\/\/jotitagoncalves.com\/pt-pt\/tag\/touch\/\" class=\"tag-cloud-link tag-link-1548 tag-link-position-44\" style=\"font-size: 8pt;\" aria-label=\"touch (2 itens)\">touch<span class=\"tag-link-count\"> (2)<\/span><\/a>\n<a href=\"https:\/\/jotitagoncalves.com\/pt-pt\/tag\/unfair\/\" class=\"tag-cloud-link tag-link-1466 tag-link-position-45\" style=\"font-size: 16.666666666667pt;\" aria-label=\"unfair (9 itens)\">unfair<span class=\"tag-link-count\"> (9)<\/span><\/a><\/div>\n<\/div>\t\t\t\t<\/div>\n\t\t\t\t<\/div>\n\t\t\t\t\t<\/div>\n\t\t\t\t<\/div>\n\t\t\t\t<\/div>\n\t\t\t\t<\/div>\n\t\t<div data-particle_enable=\"false\" data-particle-mobile-disabled=\"false\" class=\"elementor-element elementor-element-7ad957a5 e-flex e-con-boxed e-con e-parent\" data-id=\"7ad957a5\" data-element_type=\"container\" data-e-type=\"container\" data-settings=\"{&quot;_ha_eqh_enable&quot;:false}\">\n\t\t\t\t\t<div class=\"e-con-inner\">\n\t\t<div data-particle_enable=\"false\" data-particle-mobile-disabled=\"false\" class=\"elementor-element elementor-element-4f2af09 e-con-full e-flex e-con e-child\" data-id=\"4f2af09\" data-element_type=\"container\" data-e-type=\"container\" data-settings=\"{&quot;_ha_eqh_enable&quot;:false}\">\n\t\t\t\t<\/div>\n\t\t<div data-particle_enable=\"false\" data-particle-mobile-disabled=\"false\" class=\"elementor-element elementor-element-5d691ec1 e-con-full e-flex e-con e-child\" data-id=\"5d691ec1\" data-element_type=\"container\" data-e-type=\"container\" data-settings=\"{&quot;_ha_eqh_enable&quot;:false}\">\n\t\t\t\t<div class=\"elementor-element elementor-element-d9fbe94 elementor-align-center elementor-widget__width-inherit elementor-widget elementor-widget-button\" data-id=\"d9fbe94\" data-element_type=\"widget\" data-e-type=\"widget\" data-widget_type=\"button.default\">\n\t\t\t\t<div class=\"elementor-widget-container\">\n\t\t\t\t\t\t\t\t\t<div class=\"elementor-button-wrapper\">\n\t\t\t\t\t<a class=\"elementor-button elementor-button-link elementor-size-xl\" href=\"https:\/\/jotitagoncalves.com\/category\/uncategorized\/\" target=\"_blank\" more=\"\">\n\t\t\t\t\t\t<span class=\"elementor-button-content-wrapper\">\n\t\t\t\t\t\t\t\t\t<span class=\"elementor-button-text\">Mais postagens<\/span>\n\t\t\t\t\t<\/span>\n\t\t\t\t\t<\/a>\n\t\t\t\t<\/div>\n\t\t\t\t\t\t\t\t<\/div>\n\t\t\t\t<\/div>\n\t\t\t\t<\/div>\n\t\t<div data-particle_enable=\"false\" data-particle-mobile-disabled=\"false\" class=\"elementor-element elementor-element-3eee54ff e-con-full e-flex e-con e-child\" data-id=\"3eee54ff\" data-element_type=\"container\" data-e-type=\"container\" data-settings=\"{&quot;_ha_eqh_enable&quot;:false}\">\n\t\t\t\t<\/div>\n\t\t\t\t\t<\/div>\n\t\t\t\t<\/div>\n\t\t<div data-particle_enable=\"false\" data-particle-mobile-disabled=\"false\" class=\"elementor-element elementor-element-cb67e7d e-con-full e-flex e-con e-parent\" data-id=\"cb67e7d\" data-element_type=\"container\" data-e-type=\"container\" data-settings=\"{&quot;_ha_eqh_enable&quot;:false}\">\n\t\t<div data-particle_enable=\"false\" data-particle-mobile-disabled=\"false\" class=\"elementor-element elementor-element-6601513c e-flex e-con-boxed e-con e-child\" data-id=\"6601513c\" data-element_type=\"container\" data-e-type=\"container\" data-settings=\"{&quot;_ha_eqh_enable&quot;:false}\">\n\t\t\t\t\t<div class=\"e-con-inner\">\n\t\t\t\t\t<\/div>\n\t\t\t\t<\/div>\n\t\t\t\t<\/div>\n\t\t\t\t<\/div>\n\t\t","protected":false},"excerpt":{"rendered":"<p>Hacks de neg\u00f3cios e tend\u00eancias tecnol\u00f3gicas Explore o que h\u00e1 de mais moderno em tecnologia e estrat\u00e9gias de neg\u00f3cios com dicas e truques pr\u00e1ticos. Conte\u00fado envolvente, incluindo v\u00eddeos e recursos interativos, ir\u00e1 capacit\u00e1-lo a permanecer \u00e0 frente no mundo acelerado dos neg\u00f3cios.&lt;\/p&gt; &lt;style&gt;\/*! elementor &#8211; v3.20.0 &#8211; 26-03-2024 *\/ .elementor-widget-divider{&#8211;divider-border-style:none;&#8211;divider-border-width:1px;&#8211;divider-color:#0c0d0e;&#8211;divider-icon-size:20px;&#8211;divider-element-spacing:10px;&#8211;divider-pattern-height:24px;&#8211;divider-pattern-size:20px;&#8211;divider-pattern-url:none;&#8211;divider-pattern-repeat:repeat-x}.elementor-widget-divider .elementor-divider{display:flex}.elementor-widget-divider .elementor-divider__text{font-size:15px;line-height:1;max-width:95%}.elementor-widget-divider .elementor-divider__element{margin:0 var(&#8211;divider-element-spacing);flex-shrink:0}.elementor-widget-divider .elementor-icon{font-size:var(&#8211;divider-icon-size)}.elementor-widget-divider [&hellip;]<\/p>\n","protected":false},"author":137700933,"featured_media":0,"parent":0,"menu_order":0,"comment_status":"closed","ping_status":"closed","template":"elementor_header_footer","meta":{"footnotes":""},"class_list":["post-18481","page","type-page","status-publish","hentry"],"amp_enabled":false,"_links":{"self":[{"href":"https:\/\/jotitagoncalves.com\/pt-pt\/wp-json\/wp\/v2\/pages\/18481","targetHints":{"allow":["GET"]}}],"collection":[{"href":"https:\/\/jotitagoncalves.com\/pt-pt\/wp-json\/wp\/v2\/pages"}],"about":[{"href":"https:\/\/jotitagoncalves.com\/pt-pt\/wp-json\/wp\/v2\/types\/page"}],"author":[{"embeddable":true,"href":"https:\/\/jotitagoncalves.com\/pt-pt\/wp-json\/wp\/v2\/users\/137700933"}],"replies":[{"embeddable":true,"href":"https:\/\/jotitagoncalves.com\/pt-pt\/wp-json\/wp\/v2\/comments?post=18481"}],"version-history":[{"count":1,"href":"https:\/\/jotitagoncalves.com\/pt-pt\/wp-json\/wp\/v2\/pages\/18481\/revisions"}],"predecessor-version":[{"id":18482,"href":"https:\/\/jotitagoncalves.com\/pt-pt\/wp-json\/wp\/v2\/pages\/18481\/revisions\/18482"}],"wp:attachment":[{"href":"https:\/\/jotitagoncalves.com\/pt-pt\/wp-json\/wp\/v2\/media?parent=18481"}],"curies":[{"name":"wp","href":"https:\/\/api.w.org\/{rel}","templated":true}]}}